{"id":18,"date":"2023-06-27T21:57:00","date_gmt":"2023-06-27T19:57:00","guid":{"rendered":"https:\/\/isabellerecloux.be\/?page_id=18"},"modified":"2026-01-29T13:50:17","modified_gmt":"2026-01-29T12:50:17","slug":"contact","status":"publish","type":"page","link":"https:\/\/isabellerecloux.be\/index.php\/contact\/","title":{"rendered":"Contact"},"content":{"rendered":"\n<p><\/p>\n\n\n\n<h2 class=\"wp-block-heading\">Nous contacter directement<\/h2>\n\n\n\n<p>Une question ? N&rsquo;h\u00e9sitez pas \u00e0 nous contacter par mail <a href=\"mailto:contact@isabellerecloux.be\">contact@isabellerecloux.be<\/a> ou par t\u00e9l\u00e9phone +32 494 37 86 05<\/p>\n\n\n\n<p>Vous voulez r\u00e9server un rendez-vous en visio ? C&rsquo;est par ici !<\/p>\n\n\n<p><!-- D\u00e9but de widget en ligne Calendly --><\/p>\n<div class=\"calendly-inline-widget\" data-url=\"https:\/\/calendly.com\/isabellerecloux\" style=\"min-width:320px;height:700px;\"><\/div>\n<p><script type=\"text\/javascript\" src=\"https:\/\/assets.calendly.com\/assets\/external\/widget.js\" async><\/script><br \/>\n<!-- Fin de widget en ligne Calendly --><\/p>\n","protected":false},"excerpt":{"rendered":"<p>Nous contacter directement Une question ? N&rsquo;h\u00e9sitez pas \u00e0 nous contacter par mail contact@isabellerecloux.be ou par t\u00e9l\u00e9phone +32 494 37 86 05 Vous voulez r\u00e9server un rendez-vous en visio ? C&rsquo;est par ici !<\/p>\n","protected":false},"author":1,"featured_media":0,"parent":0,"menu_order":0,"comment_status":"closed","ping_status":"closed","template":"","meta":{"_monsterinsights_skip_tracking":false,"_monsterinsights_sitenote_active":false,"_monsterinsights_sitenote_note":"","_monsterinsights_sitenote_category":0,"footnotes":""},"class_list":["post-18","page","type-page","status-publish","hentry"],"mb":[],"yoast_head":"<!-- This site is optimized with the Yoast SEO plugin v27.4 - https:\/\/yoast.com\/product\/yoast-seo-wordpress\/ -->\n<title>Contact - Isabelle Recloux Management<\/title>\n<meta name=\"description\" content=\"Page de contact hello@isabellerecloux.be\" \/>\n<meta name=\"robots\" content=\"index, follow, max-snippet:-1, max-image-preview:large, max-video-preview:-1\" \/>\n<link rel=\"canonical\" href=\"https:\/\/isabellerecloux.be\/index.php\/contact\/\" \/>\n<meta property=\"og:locale\" content=\"fr_FR\" \/>\n<meta property=\"og:type\" content=\"article\" \/>\n<meta property=\"og:title\" content=\"Contact - Isabelle Recloux Management\" \/>\n<meta property=\"og:description\" content=\"Page de contact hello@isabellerecloux.be\" \/>\n<meta property=\"og:url\" content=\"https:\/\/isabellerecloux.be\/index.php\/contact\/\" \/>\n<meta property=\"og:site_name\" content=\"Isabelle Recloux Management\" \/>\n<meta property=\"article:publisher\" content=\"https:\/\/facebook.com\/isabellereclouxmanagement\" \/>\n<meta property=\"article:modified_time\" content=\"2026-01-29T12:50:17+00:00\" \/>\n<meta property=\"og:image\" content=\"https:\/\/isabellerecloux.be\/wp-content\/uploads\/2023\/06\/cropped-Logo-IRM.png\" \/>\n\t<meta property=\"og:image:width\" content=\"512\" \/>\n\t<meta property=\"og:image:height\" content=\"512\" \/>\n\t<meta property=\"og:image:type\" content=\"image\/png\" \/>\n<meta name=\"twitter:card\" content=\"summary_large_image\" \/>\n<meta name=\"twitter:label1\" content=\"Dur\u00e9e de lecture estim\u00e9e\" \/>\n\t<meta name=\"twitter:data1\" content=\"1 minute\" \/>\n<script type=\"application\/ld+json\" class=\"yoast-schema-graph\">{\"@context\":\"https:\\\/\\\/schema.org\",\"@graph\":[{\"@type\":\"WebPage\",\"@id\":\"https:\\\/\\\/isabellerecloux.be\\\/index.php\\\/contact\\\/\",\"url\":\"https:\\\/\\\/isabellerecloux.be\\\/index.php\\\/contact\\\/\",\"name\":\"Contact - Isabelle Recloux Management\",\"isPartOf\":{\"@id\":\"https:\\\/\\\/isabellerecloux.be\\\/#website\"},\"datePublished\":\"2023-06-27T19:57:00+00:00\",\"dateModified\":\"2026-01-29T12:50:17+00:00\",\"description\":\"Page de contact hello@isabellerecloux.be\",\"breadcrumb\":{\"@id\":\"https:\\\/\\\/isabellerecloux.be\\\/index.php\\\/contact\\\/#breadcrumb\"},\"inLanguage\":\"fr-FR\",\"potentialAction\":[{\"@type\":\"ReadAction\",\"target\":[\"https:\\\/\\\/isabellerecloux.be\\\/index.php\\\/contact\\\/\"]}]},{\"@type\":\"BreadcrumbList\",\"@id\":\"https:\\\/\\\/isabellerecloux.be\\\/index.php\\\/contact\\\/#breadcrumb\",\"itemListElement\":[{\"@type\":\"ListItem\",\"position\":1,\"name\":\"Accueil\",\"item\":\"https:\\\/\\\/isabellerecloux.be\\\/\"},{\"@type\":\"ListItem\",\"position\":2,\"name\":\"Contact\"}]},{\"@type\":\"WebSite\",\"@id\":\"https:\\\/\\\/isabellerecloux.be\\\/#website\",\"url\":\"https:\\\/\\\/isabellerecloux.be\\\/\",\"name\":\"Isabelle Recloux Management\",\"description\":\"Formation - Consultance - Accompagnement\",\"publisher\":{\"@id\":\"https:\\\/\\\/isabellerecloux.be\\\/#organization\"},\"potentialAction\":[{\"@type\":\"SearchAction\",\"target\":{\"@type\":\"EntryPoint\",\"urlTemplate\":\"https:\\\/\\\/isabellerecloux.be\\\/?s={search_term_string}\"},\"query-input\":{\"@type\":\"PropertyValueSpecification\",\"valueRequired\":true,\"valueName\":\"search_term_string\"}}],\"inLanguage\":\"fr-FR\"},{\"@type\":\"Organization\",\"@id\":\"https:\\\/\\\/isabellerecloux.be\\\/#organization\",\"name\":\"Isabelle Recloux Management\",\"alternateName\":\"Isabelle Recloux\",\"url\":\"https:\\\/\\\/isabellerecloux.be\\\/\",\"logo\":{\"@type\":\"ImageObject\",\"inLanguage\":\"fr-FR\",\"@id\":\"https:\\\/\\\/isabellerecloux.be\\\/#\\\/schema\\\/logo\\\/image\\\/\",\"url\":\"https:\\\/\\\/isabellerecloux.be\\\/wp-content\\\/uploads\\\/2023\\\/06\\\/cropped-Logo-IRM.png\",\"contentUrl\":\"https:\\\/\\\/isabellerecloux.be\\\/wp-content\\\/uploads\\\/2023\\\/06\\\/cropped-Logo-IRM.png\",\"width\":512,\"height\":512,\"caption\":\"Isabelle Recloux Management\"},\"image\":{\"@id\":\"https:\\\/\\\/isabellerecloux.be\\\/#\\\/schema\\\/logo\\\/image\\\/\"},\"sameAs\":[\"https:\\\/\\\/facebook.com\\\/isabellereclouxmanagement\",\"https:\\\/\\\/www.linkedin.com\\\/in\\\/isabellerecloux\\\/\"]}]}<\/script>\n<!-- \/ Yoast SEO plugin. -->","yoast_head_json":{"title":"Contact - Isabelle Recloux Management","description":"Page de contact hello@isabellerecloux.be","robots":{"index":"index","follow":"follow","max-snippet":"max-snippet:-1","max-image-preview":"max-image-preview:large","max-video-preview":"max-video-preview:-1"},"canonical":"https:\/\/isabellerecloux.be\/index.php\/contact\/","og_locale":"fr_FR","og_type":"article","og_title":"Contact - Isabelle Recloux Management","og_description":"Page de contact hello@isabellerecloux.be","og_url":"https:\/\/isabellerecloux.be\/index.php\/contact\/","og_site_name":"Isabelle Recloux Management","article_publisher":"https:\/\/facebook.com\/isabellereclouxmanagement","article_modified_time":"2026-01-29T12:50:17+00:00","og_image":[{"width":512,"height":512,"url":"https:\/\/isabellerecloux.be\/wp-content\/uploads\/2023\/06\/cropped-Logo-IRM.png","type":"image\/png"}],"twitter_card":"summary_large_image","twitter_misc":{"Dur\u00e9e de lecture estim\u00e9e":"1 minute"},"schema":{"@context":"https:\/\/schema.org","@graph":[{"@type":"WebPage","@id":"https:\/\/isabellerecloux.be\/index.php\/contact\/","url":"https:\/\/isabellerecloux.be\/index.php\/contact\/","name":"Contact - Isabelle Recloux Management","isPartOf":{"@id":"https:\/\/isabellerecloux.be\/#website"},"datePublished":"2023-06-27T19:57:00+00:00","dateModified":"2026-01-29T12:50:17+00:00","description":"Page de contact hello@isabellerecloux.be","breadcrumb":{"@id":"https:\/\/isabellerecloux.be\/index.php\/contact\/#breadcrumb"},"inLanguage":"fr-FR","potentialAction":[{"@type":"ReadAction","target":["https:\/\/isabellerecloux.be\/index.php\/contact\/"]}]},{"@type":"BreadcrumbList","@id":"https:\/\/isabellerecloux.be\/index.php\/contact\/#breadcrumb","itemListElement":[{"@type":"ListItem","position":1,"name":"Accueil","item":"https:\/\/isabellerecloux.be\/"},{"@type":"ListItem","position":2,"name":"Contact"}]},{"@type":"WebSite","@id":"https:\/\/isabellerecloux.be\/#website","url":"https:\/\/isabellerecloux.be\/","name":"Isabelle Recloux Management","description":"Formation - Consultance - Accompagnement","publisher":{"@id":"https:\/\/isabellerecloux.be\/#organization"},"potentialAction":[{"@type":"SearchAction","target":{"@type":"EntryPoint","urlTemplate":"https:\/\/isabellerecloux.be\/?s={search_term_string}"},"query-input":{"@type":"PropertyValueSpecification","valueRequired":true,"valueName":"search_term_string"}}],"inLanguage":"fr-FR"},{"@type":"Organization","@id":"https:\/\/isabellerecloux.be\/#organization","name":"Isabelle Recloux Management","alternateName":"Isabelle Recloux","url":"https:\/\/isabellerecloux.be\/","logo":{"@type":"ImageObject","inLanguage":"fr-FR","@id":"https:\/\/isabellerecloux.be\/#\/schema\/logo\/image\/","url":"https:\/\/isabellerecloux.be\/wp-content\/uploads\/2023\/06\/cropped-Logo-IRM.png","contentUrl":"https:\/\/isabellerecloux.be\/wp-content\/uploads\/2023\/06\/cropped-Logo-IRM.png","width":512,"height":512,"caption":"Isabelle Recloux Management"},"image":{"@id":"https:\/\/isabellerecloux.be\/#\/schema\/logo\/image\/"},"sameAs":["https:\/\/facebook.com\/isabellereclouxmanagement","https:\/\/www.linkedin.com\/in\/isabellerecloux\/"]}]}},"mfb_rest_fields":["title","yoast_head","yoast_head_json","gutenberg_elementor_mode"],"_links":{"self":[{"href":"https:\/\/isabellerecloux.be\/index.php\/wp-json\/wp\/v2\/pages\/18","targetHints":{"allow":["GET"]}}],"collection":[{"href":"https:\/\/isabellerecloux.be\/index.php\/wp-json\/wp\/v2\/pages"}],"about":[{"href":"https:\/\/isabellerecloux.be\/index.php\/wp-json\/wp\/v2\/types\/page"}],"author":[{"embeddable":true,"href":"https:\/\/isabellerecloux.be\/index.php\/wp-json\/wp\/v2\/users\/1"}],"replies":[{"embeddable":true,"href":"https:\/\/isabellerecloux.be\/index.php\/wp-json\/wp\/v2\/comments?post=18"}],"version-history":[{"count":10,"href":"https:\/\/isabellerecloux.be\/index.php\/wp-json\/wp\/v2\/pages\/18\/revisions"}],"predecessor-version":[{"id":4401,"href":"https:\/\/isabellerecloux.be\/index.php\/wp-json\/wp\/v2\/pages\/18\/revisions\/4401"}],"wp:attachment":[{"href":"https:\/\/isabellerecloux.be\/index.php\/wp-json\/wp\/v2\/media?parent=18"}],"curies":[{"name":"wp","href":"https:\/\/api.w.org\/{rel}","templated":true}]}}